{"id":74,"date":"2024-09-11T20:42:36","date_gmt":"2024-09-11T20:42:36","guid":{"rendered":"https:\/\/romanmuvhazgyula.hu\/?page_id=74"},"modified":"2024-11-18T15:43:15","modified_gmt":"2024-11-18T15:43:15","slug":"szolgaltatasok","status":"publish","type":"page","link":"https:\/\/romanmuvhazgyula.hu\/index.php\/szolgaltatasok\/","title":{"rendered":"Szolg\u00e1ltat\u00e1sok"},"content":{"rendered":"<p>[et_pb_section fb_built=&#8221;1&#8243; _builder_version=&#8221;4.27.0&#8243; _module_preset=&#8221;default&#8221; global_colors_info=&#8221;{}&#8221;][et_pb_row _builder_version=&#8221;4.27.0&#8243; _module_preset=&#8221;default&#8221;][et_pb_column _builder_version=&#8221;4.27.0&#8243; _module_preset=&#8221;default&#8221; type=&#8221;4_4&#8243;][et_pb_heading title=&#8221;Szolg\u00e1ltat\u00e1sok&#8221; _builder_version=&#8221;4.27.0&#8243; _module_preset=&#8221;default&#8221; title_text_color=&#8221;#0329a8&#8243; hover_enabled=&#8221;0&#8243; sticky_enabled=&#8221;0&#8243;][\/et_pb_heading][\/et_pb_column][\/et_pb_row][et_pb_row column_structure=&#8221;1_2,1_2&#8243; _builder_version=&#8221;4.27.0&#8243; _module_preset=&#8221;default&#8221; global_colors_info=&#8221;{}&#8221;][et_pb_column type=&#8221;1_2&#8243; _builder_version=&#8221;4.27.0&#8243; _module_preset=&#8221;default&#8221; global_colors_info=&#8221;{}&#8221;][et_pb_text _builder_version=&#8221;4.27.0&#8243; _module_preset=&#8221;default&#8221; global_colors_info=&#8221;{}&#8221;]<\/p>\n<h4><span style=\"color: #000080;\">Rom\u00e1n M\u0171vel\u0151d\u00e9si \u00e9s K\u00f6z\u00f6ss\u00e9gi H\u00e1z<\/span><\/h4>\n<p><span style=\"color: #000080;\">Gal\u00e9ria \u00e9p\u00fclete- ki\u00e1ll\u00edt\u00f3 t\u00e9r<\/span><br \/><span style=\"color: #000080;\">Rendezv\u00e9ny terem<\/span><br \/><span style=\"color: #000080;\">K\u00f6z\u00f6ss\u00e9gi programok<\/span><\/p>\n<p><span style=\"color: #000080;\"><strong>H\u00edmz\u0151 szakk\u00f6r<\/strong><\/span><\/p>\n<p>[\/et_pb_text][et_pb_text _builder_version=&#8221;4.27.0&#8243; _module_preset=&#8221;default&#8221; global_colors_info=&#8221;{}&#8221;]<\/p>\n<h4><\/h4>\n<h4><span style=\"color: #000080;\">K\u00e9tegyh\u00e1zi Rom\u00e1n T\u00e1jh\u00e1z<\/span><\/h4>\n<p><span style=\"color: #000080;\">T\u00e1rlatvezet\u00e9s \u2013 Rom\u00e1n T\u00e1jh\u00e1z<\/span><br \/><span style=\"color: #000080;\">M\u00fazeum pedag\u00f3giai foglalkoz\u00e1sok<\/span><br \/><span style=\"color: #000080;\">Rendezv\u00e9ny terem<\/span><br \/><span style=\"color: #000080;\">Ki\u00e1ll\u00edt\u00e1sok<\/span><br \/><span style=\"color: #000080;\">K\u00f6z\u00f6ss\u00e9gi programok<\/span><\/p>\n<p>[\/et_pb_text][\/et_pb_column][et_pb_column type=&#8221;1_2&#8243; _builder_version=&#8221;4.27.0&#8243; _module_preset=&#8221;default&#8221; global_colors_info=&#8221;{}&#8221;][\/et_pb_column][\/et_pb_row][\/et_pb_section]<\/p>\n","protected":false},"excerpt":{"rendered":"<p>Rom\u00e1n M\u0171vel\u0151d\u00e9si \u00e9s K\u00f6z\u00f6ss\u00e9gi H\u00e1z Gal\u00e9ria \u00e9p\u00fclete- ki\u00e1ll\u00edt\u00f3 t\u00e9rRendezv\u00e9ny teremK\u00f6z\u00f6ss\u00e9gi programok H\u00edmz\u0151 szakk\u00f6r K\u00e9tegyh\u00e1zi Rom\u00e1n T\u00e1jh\u00e1z T\u00e1rlatvezet\u00e9s \u2013 Rom\u00e1n T\u00e1jh\u00e1zM\u00fazeum pedag\u00f3giai foglalkoz\u00e1sokRendezv\u00e9ny teremKi\u00e1ll\u00edt\u00e1sokK\u00f6z\u00f6ss\u00e9gi programok<\/p>\n","protected":false},"author":1,"featured_media":0,"parent":0,"menu_order":0,"comment_status":"closed","ping_status":"closed","template":"","meta":{"_et_pb_use_builder":"on","_et_pb_old_content":"","_et_gb_content_width":"","footnotes":""},"class_list":["post-74","page","type-page","status-publish","hentry"],"_links":{"self":[{"href":"https:\/\/romanmuvhazgyula.hu\/index.php\/wp-json\/wp\/v2\/pages\/74","targetHints":{"allow":["GET"]}}],"collection":[{"href":"https:\/\/romanmuvhazgyula.hu\/index.php\/wp-json\/wp\/v2\/pages"}],"about":[{"href":"https:\/\/romanmuvhazgyula.hu\/index.php\/wp-json\/wp\/v2\/types\/page"}],"author":[{"embeddable":true,"href":"https:\/\/romanmuvhazgyula.hu\/index.php\/wp-json\/wp\/v2\/users\/1"}],"replies":[{"embeddable":true,"href":"https:\/\/romanmuvhazgyula.hu\/index.php\/wp-json\/wp\/v2\/comments?post=74"}],"version-history":[{"count":4,"href":"https:\/\/romanmuvhazgyula.hu\/index.php\/wp-json\/wp\/v2\/pages\/74\/revisions"}],"predecessor-version":[{"id":336,"href":"https:\/\/romanmuvhazgyula.hu\/index.php\/wp-json\/wp\/v2\/pages\/74\/revisions\/336"}],"wp:attachment":[{"href":"https:\/\/romanmuvhazgyula.hu\/index.php\/wp-json\/wp\/v2\/media?parent=74"}],"curies":[{"name":"wp","href":"https:\/\/api.w.org\/{rel}","templated":true}]}}